{"id":3323,"date":"2025-08-07T16:43:56","date_gmt":"2025-08-07T08:43:56","guid":{"rendered":"https:\/\/www.imperatrice.com.hk\/product\/chateau-de-la-tour-hommage-a-jean-morin-clos-vougeot-vv-grand-cru-2013-mag\/"},"modified":"2026-01-15T01:26:25","modified_gmt":"2026-01-14T17:26:25","slug":"chateau-de-la-tour-clos-vougeot-grand-cru-hommage-a-jean-morin-2013-2","status":"publish","type":"product","link":"https:\/\/www.imperatrice.com.hk\/zh\/product\/chateau-de-la-tour-clos-vougeot-grand-cru-hommage-a-jean-morin-2013-2\/","title":{"rendered":"Chateau de La Tour, Clos-Vougeot Grand Cru Hommage a Jean Morin 2013"},"content":{"rendered":"","protected":false},"excerpt":{"rendered":"<p>The 2013 Clos Vougeot &#8220;Hommage \u00e0 Jean Morin&#8221; is a special cuv\u00e9e introduced by Fran\u00e7ois in 2010 to honor his grandfather. While it wasn&#8217;t produced in 2011, it has been crafted in 2012 and 2013. Sourced from old vines, specifically from the first bunches after grafting that receive the initial sap flow, this cuv\u00e9e is incredibly rare, with only two barrels produced in this vintage. It presents a distinct aromatic profile compared to the Clos Vougeot Vieilles Vignes, showcasing vibrant red fruit notes of red cherries, quince, and blueberry. The palate is medium-bodied with assertive tannins, delivering a powerful expression with hints of dark chocolate and cocoa enhancing the dark fruit flavors that linger on the finish.<\/p>","protected":false},"featured_media":0,"comment_status":"closed","ping_status":"open","template":"","meta":{"inline_featured_image":false},"product_cat":[238],"product_tag":[162],"class_list":{"0":"post-3323","1":"product","2":"type-product","3":"status-publish","5":"product_cat-bin-end-items","6":"product_tag-bin-end-items","7":"pa_color-red","8":"pa_year-2-161","10":"first","11":"outofstock","12":"sale","13":"purchasable","14":"product-type-simple"},"_links":{"self":[{"href":"https:\/\/www.imperatrice.com.hk\/zh\/wp-json\/wp\/v2\/product\/3323","targetHints":{"allow":["GET"]}}],"collection":[{"href":"https:\/\/www.imperatrice.com.hk\/zh\/wp-json\/wp\/v2\/product"}],"about":[{"href":"https:\/\/www.imperatrice.com.hk\/zh\/wp-json\/wp\/v2\/types\/product"}],"replies":[{"embeddable":true,"href":"https:\/\/www.imperatrice.com.hk\/zh\/wp-json\/wp\/v2\/comments?post=3323"}],"wp:attachment":[{"href":"https:\/\/www.imperatrice.com.hk\/zh\/wp-json\/wp\/v2\/media?parent=3323"}],"wp:term":[{"taxonomy":"product_cat","embeddable":true,"href":"https:\/\/www.imperatrice.com.hk\/zh\/wp-json\/wp\/v2\/product_cat?post=3323"},{"taxonomy":"product_tag","embeddable":true,"href":"https:\/\/www.imperatrice.com.hk\/zh\/wp-json\/wp\/v2\/product_tag?post=3323"}],"curies":[{"name":"wp","href":"https:\/\/api.w.org\/{rel}","templated":true}]}}