{"id":3311,"date":"2024-05-15T15:32:53","date_gmt":"2024-05-15T07:32:53","guid":{"rendered":"https:\/\/www.imperatrice.com.hk\/product\/jm-seleque-solessence-rose-nv\/"},"modified":"2026-01-15T01:26:23","modified_gmt":"2026-01-14T17:26:23","slug":"jm-seleque-solessence-rose-nv","status":"publish","type":"product","link":"https:\/\/www.imperatrice.com.hk\/zh\/product\/jm-seleque-solessence-rose-nv\/","title":{"rendered":"JM Seleque, Extra Brut Rose Solessence NV"},"content":{"rendered":"","protected":false},"excerpt":{"rendered":"<p>S\u00e9l\u00e8que&#8217;s NV Extra-Brut Solessence Ros\u00e9 offers aromas of red berries, orange oil, rose petals, and white flowers. This medium to full-bodied ros\u00e9 has a soft texture and a savory taste, with a pure fruit core, vibrant acidity, and a saline finish.<\/p>","protected":false},"featured_media":3063,"comment_status":"closed","ping_status":"open","template":"","meta":{"inline_featured_image":false},"product_cat":[],"product_tag":[],"class_list":{"0":"post-3311","1":"product","2":"type-product","3":"status-publish","4":"has-post-thumbnail","6":"pa_color-champagne-rose","7":"pa_year-2-nv","9":"first","10":"outofstock","11":"purchasable","12":"product-type-simple"},"_links":{"self":[{"href":"https:\/\/www.imperatrice.com.hk\/zh\/wp-json\/wp\/v2\/product\/3311","targetHints":{"allow":["GET"]}}],"collection":[{"href":"https:\/\/www.imperatrice.com.hk\/zh\/wp-json\/wp\/v2\/product"}],"about":[{"href":"https:\/\/www.imperatrice.com.hk\/zh\/wp-json\/wp\/v2\/types\/product"}],"replies":[{"embeddable":true,"href":"https:\/\/www.imperatrice.com.hk\/zh\/wp-json\/wp\/v2\/comments?post=3311"}],"wp:featuredmedia":[{"embeddable":true,"href":"https:\/\/www.imperatrice.com.hk\/zh\/wp-json\/wp\/v2\/media\/3063"}],"wp:attachment":[{"href":"https:\/\/www.imperatrice.com.hk\/zh\/wp-json\/wp\/v2\/media?parent=3311"}],"wp:term":[{"taxonomy":"product_cat","embeddable":true,"href":"https:\/\/www.imperatrice.com.hk\/zh\/wp-json\/wp\/v2\/product_cat?post=3311"},{"taxonomy":"product_tag","embeddable":true,"href":"https:\/\/www.imperatrice.com.hk\/zh\/wp-json\/wp\/v2\/product_tag?post=3311"}],"curies":[{"name":"wp","href":"https:\/\/api.w.org\/{rel}","templated":true}]}}