{"id":3173,"date":"2024-05-15T15:32:24","date_gmt":"2024-05-15T07:32:24","guid":{"rendered":"https:\/\/www.imperatrice.com.hk\/product\/maison-roche-de-bellene-vosne-romanee-1er-cru-2019-mixed-case-of-3-bts\/"},"modified":"2026-01-15T01:26:10","modified_gmt":"2026-01-14T17:26:10","slug":"maison-roche-de-bellene-vosne-romanee-1er-cru-2019-mixed-case-of-3-bts","status":"publish","type":"product","link":"https:\/\/www.imperatrice.com.hk\/cn\/product\/maison-roche-de-bellene-vosne-romanee-1er-cru-2019-mixed-case-of-3-bts\/","title":{"rendered":"Maison Roche de Bellene, Vosne-Romanee 1er Cru 2019 (Mixed Case of 3 bts)"},"content":{"rendered":"","protected":false},"excerpt":{"rendered":"<p>Vosne Roman\u00e9e 2019, including Vosne Roman\u00e9e 1er Cru Malconsorts 2019, Vosne Roman\u00e9e 1er Cru Les Rouges 2019, and Vosne Roman\u00e9e 1er Cru En Orveaux 2019.<br \/>\nThe Vosne-Roman\u00e9e 1er Cru les Malconsorts has a bright cranberry, raspberry and briary scented bouquet that demonstrates impressive delineation and authority. The palate is medium-bodied with firm tannin that render this masculine in style.<br \/>\nVosne Roman\u00e9e 1er Cru Les Rouges opens in the glass with aromas of sweet berry fruit and a deft framing of oak. Medium bodied, textural and fleshy, its ample core of fruit is structured around powdery tannins.<br \/>\nVosne Roman\u00e9e 1er Cru En Orveaux presents a deep ruby color and aromas of red fruits, blackcurrant, and raspberry. Its rich and full-bodied perfumed bouquet gives it a silky tannin.<\/p>","protected":false},"featured_media":0,"comment_status":"closed","ping_status":"open","template":"","meta":{"inline_featured_image":false},"product_cat":[],"product_tag":[],"class_list":{"0":"post-3173","1":"product","2":"type-product","3":"status-publish","5":"pa_color-red","6":"pa_year-2-153","8":"first","9":"instock","10":"purchasable","11":"product-type-simple"},"_links":{"self":[{"href":"https:\/\/www.imperatrice.com.hk\/cn\/wp-json\/wp\/v2\/product\/3173","targetHints":{"allow":["GET"]}}],"collection":[{"href":"https:\/\/www.imperatrice.com.hk\/cn\/wp-json\/wp\/v2\/product"}],"about":[{"href":"https:\/\/www.imperatrice.com.hk\/cn\/wp-json\/wp\/v2\/types\/product"}],"replies":[{"embeddable":true,"href":"https:\/\/www.imperatrice.com.hk\/cn\/wp-json\/wp\/v2\/comments?post=3173"}],"wp:attachment":[{"href":"https:\/\/www.imperatrice.com.hk\/cn\/wp-json\/wp\/v2\/media?parent=3173"}],"wp:term":[{"taxonomy":"product_cat","embeddable":true,"href":"https:\/\/www.imperatrice.com.hk\/cn\/wp-json\/wp\/v2\/product_cat?post=3173"},{"taxonomy":"product_tag","embeddable":true,"href":"https:\/\/www.imperatrice.com.hk\/cn\/wp-json\/wp\/v2\/product_tag?post=3173"}],"curies":[{"name":"wp","href":"https:\/\/api.w.org\/{rel}","templated":true}]}}